{"id":252,"date":"2021-07-08T08:43:36","date_gmt":"2021-07-08T08:43:36","guid":{"rendered":"https:\/\/motionlab.studio\/?page_id=252"},"modified":"2021-07-12T10:29:55","modified_gmt":"2021-07-12T10:29:55","slug":"contacto","status":"publish","type":"page","link":"https:\/\/motionlab.studio\/index.php\/contacto\/","title":{"rendered":"Contacto"},"content":{"rendered":"<div class=\"gb-container gb-container-16e1965f\"><div class=\"gb-inside-container\">\n\n<div class=\"wp-block-webfactory-map\"><div class=\"wp-block-webfactory-map\"><iframe loading=\"lazy\" width=\"100%\" height=\"300px\" src=\"https:\/\/www.google.com\/maps\/embed\/v1\/place?q=MotionLab%20Durango&amp;maptype=roadmap&amp;zoom=15&amp;key=AIzaSyAjyDspiPfzEfjRSS5fQzm-3jHFjHxeXB4\" frameborder=\"0\"><\/iframe><\/div><\/div>\n\n<\/div><\/div>\n\n\n<div class=\"wp-block-columns is-layout-flex wp-container-core-columns-is-layout-9d6595d7 wp-block-columns-is-layout-flex\">\n<div class=\"wp-block-column is-layout-flow wp-block-column-is-layout-flow\"><div class=\"gb-container gb-container-a56196a2\"><div class=\"gb-inside-container\">\n\n<div class=\"wp-block-image\"><figure class=\"aligncenter size-large is-resized\"><img loading=\"lazy\" decoding=\"async\" src=\"https:\/\/motionlab.studio\/wp-content\/uploads\/2021\/07\/Phone-Download-PNG.png\" alt=\"\" class=\"wp-image-261\" width=\"91\" height=\"91\" srcset=\"https:\/\/motionlab.studio\/wp-content\/uploads\/2021\/07\/Phone-Download-PNG.png 512w, https:\/\/motionlab.studio\/wp-content\/uploads\/2021\/07\/Phone-Download-PNG-300x300.png 300w, https:\/\/motionlab.studio\/wp-content\/uploads\/2021\/07\/Phone-Download-PNG-150x150.png 150w\" sizes=\"auto, (max-width: 91px) 100vw, 91px\" \/><\/figure><\/div>\n\n\n\n<p><\/p>\n\n\n\n<p class=\"has-text-align-center has-black-color has-text-color\"><strong>629 493 677<\/strong><\/p>\n\n\n\n<p class=\"has-text-align-center\">Iv\u00e1n Urquizu, Bikefitter y Personal Trainer<\/p>\n\n<\/div><\/div><\/div>\n\n\n\n<div class=\"wp-block-column is-layout-flow wp-block-column-is-layout-flow\"><div class=\"gb-container gb-container-19544ad8\"><div class=\"gb-inside-container\">\n\n<div class=\"wp-block-image\"><figure class=\"aligncenter size-large is-resized\"><img loading=\"lazy\" decoding=\"async\" src=\"https:\/\/motionlab.studio\/wp-content\/uploads\/2021\/07\/kisspng-ipma-email-telephone-message-email-icon-5acf36458d39e5.4305648115235292855785-1024x1024.png\" alt=\"\" class=\"wp-image-262\" width=\"91\" height=\"91\" srcset=\"https:\/\/motionlab.studio\/wp-content\/uploads\/2021\/07\/kisspng-ipma-email-telephone-message-email-icon-5acf36458d39e5.4305648115235292855785-1024x1024.png 1024w, https:\/\/motionlab.studio\/wp-content\/uploads\/2021\/07\/kisspng-ipma-email-telephone-message-email-icon-5acf36458d39e5.4305648115235292855785-300x300.png 300w, https:\/\/motionlab.studio\/wp-content\/uploads\/2021\/07\/kisspng-ipma-email-telephone-message-email-icon-5acf36458d39e5.4305648115235292855785-150x150.png 150w, https:\/\/motionlab.studio\/wp-content\/uploads\/2021\/07\/kisspng-ipma-email-telephone-message-email-icon-5acf36458d39e5.4305648115235292855785-768x768.png 768w, https:\/\/motionlab.studio\/wp-content\/uploads\/2021\/07\/kisspng-ipma-email-telephone-message-email-icon-5acf36458d39e5.4305648115235292855785.png 1080w\" sizes=\"auto, (max-width: 91px) 100vw, 91px\" \/><\/figure><\/div>\n\n\n\n<p><\/p>\n\n\n\n<p class=\"has-text-align-center\"><a href=\"mailto:info@motionlab.studio\">info@motionlab.studio<\/a><\/p>\n\n\n\n<p class=\"has-text-align-center\">Env\u00edanos un e-mail<\/p>\n\n<\/div><\/div><\/div>\n\n\n\n<div class=\"wp-block-column is-layout-flow wp-block-column-is-layout-flow\"><div class=\"gb-container gb-container-22ffb032\"><div class=\"gb-inside-container\">\n\n<div class=\"wp-block-image\"><figure class=\"aligncenter size-large is-resized\"><img loading=\"lazy\" decoding=\"async\" src=\"https:\/\/motionlab.studio\/wp-content\/uploads\/2021\/07\/pngegg-2-1024x1024.png\" alt=\"\" class=\"wp-image-263\" width=\"91\" height=\"91\" srcset=\"https:\/\/motionlab.studio\/wp-content\/uploads\/2021\/07\/pngegg-2-1024x1024.png 1024w, https:\/\/motionlab.studio\/wp-content\/uploads\/2021\/07\/pngegg-2-300x300.png 300w, https:\/\/motionlab.studio\/wp-content\/uploads\/2021\/07\/pngegg-2-150x150.png 150w, https:\/\/motionlab.studio\/wp-content\/uploads\/2021\/07\/pngegg-2-768x768.png 768w, https:\/\/motionlab.studio\/wp-content\/uploads\/2021\/07\/pngegg-2-1536x1536.png 1536w, https:\/\/motionlab.studio\/wp-content\/uploads\/2021\/07\/pngegg-2.png 1600w\" sizes=\"auto, (max-width: 91px) 100vw, 91px\" \/><\/figure><\/div>\n\n\n\n<p><\/p>\n\n\n\n<p class=\"has-text-align-center has-black-color has-text-color\"><strong>Localizaci\u00f3n<\/strong><\/p>\n\n\n\n<p class=\"has-text-align-center\">Matxinesarta Kalea, 20, 48200 Durango (Bizkaia)<\/p>\n\n\n\n<p><\/p>\n\n<\/div><\/div><\/div>\n<\/div>\n\n\n<div class=\"gb-container gb-container-5df51e47\"><div class=\"gb-inside-container\">\n\n<div class=\"wp-block-image\"><figure class=\"aligncenter size-large is-resized\"><img decoding=\"async\" src=\"https:\/\/motionlab.studio\/wp-content\/uploads\/2021\/07\/id-cyling-logo1.png\" alt=\"\" class=\"wp-image-268\" width=\"500\" srcset=\"https:\/\/motionlab.studio\/wp-content\/uploads\/2021\/07\/id-cyling-logo1.png 842w, https:\/\/motionlab.studio\/wp-content\/uploads\/2021\/07\/id-cyling-logo1-300x62.png 300w, https:\/\/motionlab.studio\/wp-content\/uploads\/2021\/07\/id-cyling-logo1-768x160.png 768w\" sizes=\"(max-width: 842px) 100vw, 842px\" \/><\/figure><\/div>\n\n<\/div><\/div>","protected":false},"excerpt":{"rendered":"<p>629 493 677 Iv\u00e1n Urquizu, Bikefitter y Personal Trainer info@motionlab.studio Env\u00edanos un e-mail Localizaci\u00f3n Matxinesarta Kalea, 20, 48200 Durango (Bizkaia)<\/p>\n","protected":false},"author":1,"featured_media":0,"parent":0,"menu_order":0,"comment_status":"closed","ping_status":"closed","template":"","meta":{"_generate-full-width-content":"true","footnotes":""},"class_list":["post-252","page","type-page","status-publish"],"_links":{"self":[{"href":"https:\/\/motionlab.studio\/index.php\/wp-json\/wp\/v2\/pages\/252","targetHints":{"allow":["GET"]}}],"collection":[{"href":"https:\/\/motionlab.studio\/index.php\/wp-json\/wp\/v2\/pages"}],"about":[{"href":"https:\/\/motionlab.studio\/index.php\/wp-json\/wp\/v2\/types\/page"}],"author":[{"embeddable":true,"href":"https:\/\/motionlab.studio\/index.php\/wp-json\/wp\/v2\/users\/1"}],"replies":[{"embeddable":true,"href":"https:\/\/motionlab.studio\/index.php\/wp-json\/wp\/v2\/comments?post=252"}],"version-history":[{"count":6,"href":"https:\/\/motionlab.studio\/index.php\/wp-json\/wp\/v2\/pages\/252\/revisions"}],"predecessor-version":[{"id":316,"href":"https:\/\/motionlab.studio\/index.php\/wp-json\/wp\/v2\/pages\/252\/revisions\/316"}],"wp:attachment":[{"href":"https:\/\/motionlab.studio\/index.php\/wp-json\/wp\/v2\/media?parent=252"}],"curies":[{"name":"wp","href":"https:\/\/api.w.org\/{rel}","templated":true}]}}