{"id":234,"date":"2021-07-08T08:29:42","date_gmt":"2021-07-08T08:29:42","guid":{"rendered":"https:\/\/motionlab.studio\/?page_id=234"},"modified":"2021-07-08T08:37:34","modified_gmt":"2021-07-08T08:37:34","slug":"entrenamiento-personal","status":"publish","type":"page","link":"https:\/\/motionlab.studio\/index.php\/entrenamiento-personal\/","title":{"rendered":"Entrenamiento personal"},"content":{"rendered":"<div class=\"gb-container gb-container-0c70c601\"><div class=\"gb-inside-container\">\n\n<p class=\"has-text-align-center has-black-color has-text-color\"><strong>Entrenamiento personal deportivo<\/strong><\/p>\n\n\n\n<p>En <strong>MotionLab Durango<\/strong> entendemos que la <strong>fuerza<\/strong> es la<strong> base del movimiento<\/strong> y del control del mismo, as\u00ed como un&nbsp;fundamento clave del rendimiento deportivo y la readaptaci\u00f3n funcional.<\/p>\n\n\n\n<p>Realizamos <strong>valoraciones<\/strong> de la <strong>funci\u00f3n muscular<\/strong> que nos sirven para<strong> encontrar puntos d\u00e9biles<\/strong> y <strong>programar entrenamientos<\/strong> a medida para recuperar una actividad muscular \u00f3ptima y equilibrada para cualquier deportista<\/p>\n\n\n\n<p>Los an\u00e1lisis biomec\u00e1nicos ciclistas desvelan en muchas ocasiones estas disfunciones, parte de las cuales pueden corregirse con un entrenamiento de fuerza adecuado que permite equilibrarse, prevenir lesiones y mejorar tu rendimiento.<\/p>\n\n\n\n<p>Asimismo, dise\u00f1amos y dirigimos&nbsp; tu entrenamiento deportivo tanto para que alcances con seguridad los objetivos de tu proyecto deportivo (ciclismo, surf, triatl\u00f3n, atletismo\u2026). Cu\u00e9ntanos tus retos y planificamos juntos c\u00f3mo lograrlos con garant\u00edas.<\/p>\n\n\n\n<p class=\"has-text-align-center has-black-color has-text-color\"><strong>Entrenamiento personal fitness<\/strong><\/p>\n\n\n\n<p>Para quienes buscan entrenar con garant\u00edas de eficiencia, seguridad y eficacia, te ofrecemos entrenamientos personales adaptados a tus objetivos y necesidades.<\/p>\n\n\n\n<p>Una de nuestras especialidades es ,el entrenamiento de CORE + GL\u00daTEOS + PIERNAS<\/p>\n\n\n\n<p>Descubre c\u00f3mo conseguir una gran mejora con tan s\u00f3lo 2 sesiones semanales de 20 minutos.<\/p>\n\n\n\n<p>Entrena segur@ y mejora tus resultados<\/p>\n\n\n\n<p class=\"has-text-align-center has-black-color has-text-color\"><strong>Entrenamiento personal readaptativo<\/strong><\/p>\n\n\n\n<p>Si te encuentras en una situaci\u00f3n de recuperaci\u00f3n post lesi\u00f3n, \u00f3 bien tienes problemas o molestias con alg\u00fan ejercicio en tus entrenamientos, en <strong>MotionLab Durango<\/strong>\u00a0 te ayudamos tanto\u00a0 realizar una adecuada vuelta a la actividad deportiva habitual, como a corregir peque\u00f1os detalles de tu t\u00e9cnica de ejecuci\u00f3n de los ejercicios que te causan alg\u00fan problema.<\/p>\n\n\n\n<p class=\"has-text-align-center has-black-color has-text-color\"><strong>&nbsp;An\u00e1lisis de tu composici\u00f3n corporal<\/strong><\/p>\n\n\n\n<p>Tanto desde la perspectiva del rendimiento f\u00edsico y deportivo como de la salud,\u00a0 conocer qu\u00e9 parte de nuestro cuerpo es masa muscular, grasa \u00fd agua, es fundamental para realizar una valoraci\u00f3n con criterios objetivos.<\/p>\n\n\n\n<p>En <strong>MotionLab Durango<\/strong> disponemos de un analizador corporal de alta precisi\u00f3n para saber cuales son tus par\u00e1metros de composici\u00f3n corporal reales, porque el peso solo es una parte de la ecuaci\u00f3n. As\u00ed, sabremos c\u00f3mo evolucionas en la p\u00e9rdida de peso graso y mejora de la masa muscular con datos reales.<\/p>\n\n\n\n<p>Para un ciclista, por ejemplo, esto nos ofrecer\u00e1 informaci\u00f3n relevante para incluirlo en la valoraci\u00f3n su estado de condici\u00f3n f\u00edsica general, ya que tendremos unos objetivos de composici\u00f3n corporal cara a la competici\u00f3n, por ejemplo.<\/p>\n\n<\/div><\/div>","protected":false},"excerpt":{"rendered":"<p>Entrenamiento personal deportivo En MotionLab Durango entendemos que la fuerza es la base del movimiento y del control del mismo, as\u00ed como un&nbsp;fundamento clave del rendimiento deportivo y la readaptaci\u00f3n funcional. Realizamos valoraciones de la funci\u00f3n muscular que nos sirven para encontrar puntos d\u00e9biles y programar entrenamientos a medida para recuperar una actividad muscular \u00f3ptima &#8230; <a title=\"Entrenamiento personal\" class=\"read-more\" href=\"https:\/\/motionlab.studio\/index.php\/entrenamiento-personal\/\" aria-label=\"M\u00e1s en Entrenamiento personal\">Leer m\u00e1s<\/a><\/p>\n","protected":false},"author":1,"featured_media":0,"parent":0,"menu_order":0,"comment_status":"closed","ping_status":"closed","template":"","meta":{"_generate-full-width-content":"","footnotes":""},"class_list":["post-234","page","type-page","status-publish"],"_links":{"self":[{"href":"https:\/\/motionlab.studio\/index.php\/wp-json\/wp\/v2\/pages\/234","targetHints":{"allow":["GET"]}}],"collection":[{"href":"https:\/\/motionlab.studio\/index.php\/wp-json\/wp\/v2\/pages"}],"about":[{"href":"https:\/\/motionlab.studio\/index.php\/wp-json\/wp\/v2\/types\/page"}],"author":[{"embeddable":true,"href":"https:\/\/motionlab.studio\/index.php\/wp-json\/wp\/v2\/users\/1"}],"replies":[{"embeddable":true,"href":"https:\/\/motionlab.studio\/index.php\/wp-json\/wp\/v2\/comments?post=234"}],"version-history":[{"count":3,"href":"https:\/\/motionlab.studio\/index.php\/wp-json\/wp\/v2\/pages\/234\/revisions"}],"predecessor-version":[{"id":242,"href":"https:\/\/motionlab.studio\/index.php\/wp-json\/wp\/v2\/pages\/234\/revisions\/242"}],"wp:attachment":[{"href":"https:\/\/motionlab.studio\/index.php\/wp-json\/wp\/v2\/media?parent=234"}],"curies":[{"name":"wp","href":"https:\/\/api.w.org\/{rel}","templated":true}]}}