{"id":228,"date":"2021-07-08T08:26:56","date_gmt":"2021-07-08T08:26:56","guid":{"rendered":"https:\/\/motionlab.studio\/?page_id=228"},"modified":"2021-07-08T08:26:56","modified_gmt":"2021-07-08T08:26:56","slug":"analisis-de-la-pedalada","status":"publish","type":"page","link":"https:\/\/motionlab.studio\/index.php\/analisis-de-la-pedalada\/","title":{"rendered":"An\u00e1lisis de la pedalada"},"content":{"rendered":"<div class=\"gb-container gb-container-6100952e\"><div class=\"gb-inside-container\">\n\n<p>Para conocer con precisi\u00f3n el <strong>balance de fuerzas en tu pedaleo<\/strong>, utilizamos el potro <a href=\"https:\/\/motionlab.studio\/index.php\/shimano-bikefitting\/\" data-type=\"page\" data-id=\"119\">Real Fit Bike de Shimano<\/a> Bikefitting, con el software m\u00e1s avanzado para conocer con precisi\u00f3n c\u00f3mo generas\u00a0las fuerzas angulares durante cada fase de tu pedaleo, con ambas piernas.<\/p>\n\n\n\n<p><strong>Este sistema es \u00fanico<\/strong> para realizar un <strong>preciso an\u00e1lisis<\/strong>\u00a0de las <strong>fuerzas del pedaleo<\/strong>, lo que nos permite <strong>valorar<\/strong> la <strong>eficiencia<\/strong> del mismo, el <strong>torque y la Cin\u00e9tica (fuerzas angulares)<\/strong>.<\/p>\n\n\n\n<p>Con esta informaci\u00f3n, podemos <strong>dise\u00f1ar m\u00e9todos de trabajo<\/strong> para compensar posibles desequilibrios, como\u00a0planificar tus entrenamientos para mejorar el torque y la cin\u00e9tica de tu pedaleo.<\/p>\n\n<\/div><\/div>","protected":false},"excerpt":{"rendered":"<p>Para conocer con precisi\u00f3n el balance de fuerzas en tu pedaleo, utilizamos el potro Real Fit Bike de Shimano Bikefitting, con el software m\u00e1s avanzado para conocer con precisi\u00f3n c\u00f3mo generas\u00a0las fuerzas angulares durante cada fase de tu pedaleo, con ambas piernas. Este sistema es \u00fanico para realizar un preciso an\u00e1lisis\u00a0de las fuerzas del pedaleo, &#8230; <a title=\"An\u00e1lisis de la pedalada\" class=\"read-more\" href=\"https:\/\/motionlab.studio\/index.php\/analisis-de-la-pedalada\/\" aria-label=\"M\u00e1s en An\u00e1lisis de la pedalada\">Leer m\u00e1s<\/a><\/p>\n","protected":false},"author":1,"featured_media":0,"parent":0,"menu_order":0,"comment_status":"closed","ping_status":"closed","template":"","meta":{"_generate-full-width-content":"","footnotes":""},"class_list":["post-228","page","type-page","status-publish"],"_links":{"self":[{"href":"https:\/\/motionlab.studio\/index.php\/wp-json\/wp\/v2\/pages\/228","targetHints":{"allow":["GET"]}}],"collection":[{"href":"https:\/\/motionlab.studio\/index.php\/wp-json\/wp\/v2\/pages"}],"about":[{"href":"https:\/\/motionlab.studio\/index.php\/wp-json\/wp\/v2\/types\/page"}],"author":[{"embeddable":true,"href":"https:\/\/motionlab.studio\/index.php\/wp-json\/wp\/v2\/users\/1"}],"replies":[{"embeddable":true,"href":"https:\/\/motionlab.studio\/index.php\/wp-json\/wp\/v2\/comments?post=228"}],"version-history":[{"count":1,"href":"https:\/\/motionlab.studio\/index.php\/wp-json\/wp\/v2\/pages\/228\/revisions"}],"predecessor-version":[{"id":231,"href":"https:\/\/motionlab.studio\/index.php\/wp-json\/wp\/v2\/pages\/228\/revisions\/231"}],"wp:attachment":[{"href":"https:\/\/motionlab.studio\/index.php\/wp-json\/wp\/v2\/media?parent=228"}],"curies":[{"name":"wp","href":"https:\/\/api.w.org\/{rel}","templated":true}]}}