{"id":199,"date":"2021-07-08T07:45:25","date_gmt":"2021-07-08T07:45:25","guid":{"rendered":"https:\/\/motionlab.studio\/?page_id=199"},"modified":"2021-07-08T07:50:50","modified_gmt":"2021-07-08T07:50:50","slug":"estudio-biomecanico","status":"publish","type":"page","link":"https:\/\/motionlab.studio\/index.php\/estudio-biomecanico\/","title":{"rendered":"Estudio biomec\u00e1nico"},"content":{"rendered":"<div class=\"gb-container gb-container-5b76eb6e\"><div class=\"gb-inside-container\">\n\n<p>Nuestro objetivo es realizar un <strong>an\u00e1lisis biomec\u00e1nico<\/strong> para la <strong>optimizaci\u00f3n postural<\/strong> del ciclista en su bicicleta. Como resultado obtendremos un <strong>mayor rendimiento<\/strong> y evitaremos posibles <strong>lesiones o molestias<\/strong> provocadas por un <strong>mal posicionamiento previo<\/strong>.<\/p>\n\n\n\n<p>Para ello, hacemos uso de las siguientes herramientas:<\/p>\n\n\n\n<ul class=\"wp-block-list\"><li><a href=\"https:\/\/motionlab.studio\/index.php\/retul\/\" data-type=\"page\" data-id=\"95\">Sistema Ret\u00fcl Vantage<\/a><\/li><li><a href=\"https:\/\/motionlab.studio\/index.php\/gebiomized\/\" data-type=\"page\" data-id=\"142\">Funda de presiones Gebiomized<\/a><\/li><li><a href=\"https:\/\/motionlab.studio\/index.php\/shimano-bikefitting\/\" data-type=\"page\" data-id=\"119\">Real Fit Bike Shimano Bikefitting<\/a><\/li><\/ul>\n\n<\/div><\/div>\n\n\n<p><\/p>\n","protected":false},"excerpt":{"rendered":"<p>Nuestro objetivo es realizar un an\u00e1lisis biomec\u00e1nico para la optimizaci\u00f3n postural del ciclista en su bicicleta. Como resultado obtendremos un mayor rendimiento y evitaremos posibles lesiones o molestias provocadas por un mal posicionamiento previo. Para ello, hacemos uso de las siguientes herramientas: Sistema Ret\u00fcl Vantage Funda de presiones Gebiomized Real Fit Bike Shimano Bikefitting<\/p>\n","protected":false},"author":1,"featured_media":0,"parent":0,"menu_order":0,"comment_status":"closed","ping_status":"closed","template":"","meta":{"_generate-full-width-content":"","footnotes":""},"class_list":["post-199","page","type-page","status-publish"],"_links":{"self":[{"href":"https:\/\/motionlab.studio\/index.php\/wp-json\/wp\/v2\/pages\/199","targetHints":{"allow":["GET"]}}],"collection":[{"href":"https:\/\/motionlab.studio\/index.php\/wp-json\/wp\/v2\/pages"}],"about":[{"href":"https:\/\/motionlab.studio\/index.php\/wp-json\/wp\/v2\/types\/page"}],"author":[{"embeddable":true,"href":"https:\/\/motionlab.studio\/index.php\/wp-json\/wp\/v2\/users\/1"}],"replies":[{"embeddable":true,"href":"https:\/\/motionlab.studio\/index.php\/wp-json\/wp\/v2\/comments?post=199"}],"version-history":[{"count":2,"href":"https:\/\/motionlab.studio\/index.php\/wp-json\/wp\/v2\/pages\/199\/revisions"}],"predecessor-version":[{"id":204,"href":"https:\/\/motionlab.studio\/index.php\/wp-json\/wp\/v2\/pages\/199\/revisions\/204"}],"wp:attachment":[{"href":"https:\/\/motionlab.studio\/index.php\/wp-json\/wp\/v2\/media?parent=199"}],"curies":[{"name":"wp","href":"https:\/\/api.w.org\/{rel}","templated":true}]}}