{"id":159,"date":"2021-07-07T16:50:39","date_gmt":"2021-07-07T16:50:39","guid":{"rendered":"https:\/\/motionlab.studio\/?page_id=159"},"modified":"2021-07-12T10:26:40","modified_gmt":"2021-07-12T10:26:40","slug":"quienes-somos","status":"publish","type":"page","link":"https:\/\/motionlab.studio\/index.php\/quienes-somos\/","title":{"rendered":"\u00bfQuienes somos?"},"content":{"rendered":"<p><img loading=\"lazy\" decoding=\"async\" class=\"alignnone wp-image-12\" src=\"https:\/\/motionlab.studio\/wp-content\/uploads\/2021\/07\/motionlab_logo1-300x89.png\" alt=\"\" width=\"98\" height=\"29\" srcset=\"https:\/\/motionlab.studio\/wp-content\/uploads\/2021\/07\/motionlab_logo1-300x89.png 300w, https:\/\/motionlab.studio\/wp-content\/uploads\/2021\/07\/motionlab_logo1-1024x304.png 1024w, https:\/\/motionlab.studio\/wp-content\/uploads\/2021\/07\/motionlab_logo1-768x228.png 768w, https:\/\/motionlab.studio\/wp-content\/uploads\/2021\/07\/motionlab_logo1-1536x456.png 1536w, https:\/\/motionlab.studio\/wp-content\/uploads\/2021\/07\/motionlab_logo1-2048x608.png 2048w\" sizes=\"auto, (max-width: 98px) 100vw, 98px\" \/> Durango, es un moderno y tecnol\u00f3gicamente&nbsp; avanzado <strong>centro de Biomec\u00e1nica Ciclista y de&nbsp; Entrenamiento Personal<\/strong>.<\/p>\n<p>Los amantes del ciclismo, disfrutar\u00e9is de los <strong>servicios m\u00e1s completos de Bikefitting<\/strong> (precompra, biomec\u00e1nica, an\u00e1lisis de pedaleo \u2013c\u00e1lculo de fuerzas\/TORQUE-\u2026) as\u00ed como de <strong>planificaciones y entrenamientos personalizados<\/strong> tanto para el ciclismo como para otros deportes.<\/p>\n<p>El&nbsp; <strong>Entrenamiento Personal<\/strong>, est\u00e1 dirigido tanto a <strong>deportistas que compiten<\/strong> como a <strong>practicantes de Fitness<\/strong> y personas con <strong>problemas de lesiones<\/strong> y\/o en periodos de <strong>readaptaci\u00f3n<\/strong>.<\/p>\n<p>Los entrenamientos se realizan de manera absolutamente <strong>PERSONALIZADA<\/strong>.<\/p>\n<p><img loading=\"lazy\" decoding=\"async\" class=\"alignnone wp-image-12\" src=\"https:\/\/motionlab.studio\/wp-content\/uploads\/2021\/07\/motionlab_logo1-300x89.png\" alt=\"\" width=\"98\" height=\"29\" srcset=\"https:\/\/motionlab.studio\/wp-content\/uploads\/2021\/07\/motionlab_logo1-300x89.png 300w, https:\/\/motionlab.studio\/wp-content\/uploads\/2021\/07\/motionlab_logo1-1024x304.png 1024w, https:\/\/motionlab.studio\/wp-content\/uploads\/2021\/07\/motionlab_logo1-768x228.png 768w, https:\/\/motionlab.studio\/wp-content\/uploads\/2021\/07\/motionlab_logo1-1536x456.png 1536w, https:\/\/motionlab.studio\/wp-content\/uploads\/2021\/07\/motionlab_logo1-2048x608.png 2048w\" sizes=\"auto, (max-width: 98px) 100vw, 98px\" \/> est\u00e1 dirigido por <strong>Iv\u00e1n Urquizu:<\/strong>&nbsp;Licenciado en CCAA y Deportes con N\u00ba de colegiado 62562, con m\u00e1s de 30 a\u00f1os de experiencia en el campo del ejercicio y el entrenamiento.<\/p>\n<p><strong>&nbsp;&nbsp;&nbsp;&nbsp;&nbsp;&nbsp;&nbsp;&nbsp;&nbsp;&nbsp;&nbsp;&nbsp;&nbsp;&nbsp;&nbsp;&nbsp;&nbsp;&nbsp;&nbsp;&nbsp;&nbsp;&nbsp;&nbsp;&nbsp;&nbsp;&nbsp;&nbsp;&nbsp;&nbsp;&nbsp;&nbsp;&nbsp;<\/strong><\/p>\n\n<div class=\"gb-container gb-container-39f2461f\"><div class=\"gb-inside-container\">\n\n<div class=\"wp-block-image\"><figure class=\"aligncenter size-large is-resized\"><img loading=\"lazy\" decoding=\"async\" src=\"https:\/\/motionlab.studio\/wp-content\/uploads\/2021\/07\/id-cyling-logo1.png\" alt=\"\" class=\"wp-image-268\" width=\"500\" height=\"175\"\/><\/figure><\/div>\n\n<\/div><\/div>","protected":false},"excerpt":{"rendered":"<p>Durango, es un moderno y tecnol\u00f3gicamente&nbsp; avanzado centro de Biomec\u00e1nica Ciclista y de&nbsp; Entrenamiento Personal. Los amantes del ciclismo, disfrutar\u00e9is de los servicios m\u00e1s completos de Bikefitting (precompra, biomec\u00e1nica, an\u00e1lisis de pedaleo \u2013c\u00e1lculo de fuerzas\/TORQUE-\u2026) as\u00ed como de planificaciones y entrenamientos personalizados tanto para el ciclismo como para otros deportes. El&nbsp; Entrenamiento Personal, est\u00e1 dirigido &#8230; <a title=\"\u00bfQuienes somos?\" class=\"read-more\" href=\"https:\/\/motionlab.studio\/index.php\/quienes-somos\/\" aria-label=\"M\u00e1s en \u00bfQuienes somos?\">Leer m\u00e1s<\/a><\/p>\n","protected":false},"author":1,"featured_media":0,"parent":0,"menu_order":0,"comment_status":"closed","ping_status":"closed","template":"","meta":{"_generate-full-width-content":"","footnotes":""},"class_list":["post-159","page","type-page","status-publish"],"_links":{"self":[{"href":"https:\/\/motionlab.studio\/index.php\/wp-json\/wp\/v2\/pages\/159","targetHints":{"allow":["GET"]}}],"collection":[{"href":"https:\/\/motionlab.studio\/index.php\/wp-json\/wp\/v2\/pages"}],"about":[{"href":"https:\/\/motionlab.studio\/index.php\/wp-json\/wp\/v2\/types\/page"}],"author":[{"embeddable":true,"href":"https:\/\/motionlab.studio\/index.php\/wp-json\/wp\/v2\/users\/1"}],"replies":[{"embeddable":true,"href":"https:\/\/motionlab.studio\/index.php\/wp-json\/wp\/v2\/comments?post=159"}],"version-history":[{"count":6,"href":"https:\/\/motionlab.studio\/index.php\/wp-json\/wp\/v2\/pages\/159\/revisions"}],"predecessor-version":[{"id":305,"href":"https:\/\/motionlab.studio\/index.php\/wp-json\/wp\/v2\/pages\/159\/revisions\/305"}],"wp:attachment":[{"href":"https:\/\/motionlab.studio\/index.php\/wp-json\/wp\/v2\/media?parent=159"}],"curies":[{"name":"wp","href":"https:\/\/api.w.org\/{rel}","templated":true}]}}