{"id":142,"date":"2021-07-07T16:06:57","date_gmt":"2021-07-07T16:06:57","guid":{"rendered":"https:\/\/motionlab.studio\/?page_id=142"},"modified":"2021-07-12T10:27:40","modified_gmt":"2021-07-12T10:27:40","slug":"gebiomized","status":"publish","type":"page","link":"https:\/\/motionlab.studio\/index.php\/gebiomized\/","title":{"rendered":"Gebiomized"},"content":{"rendered":"\n<p><\/p>\n\n\n\n<p><\/p>\n\n\n\n<p>La tecnolog\u00eda de medici\u00f3n&nbsp;<strong>gebioMized<\/strong>&nbsp;incluye mapeo de presi\u00f3n en todos los puntos de contacto que el ciclista ejerce sobre la bicicleta, as\u00ed como una alta definici\u00f3n en la captura de movimiento.&nbsp;El resultado se monitoriza gr\u00e1ficamente mostr\u00e1ndonos datos muy fiables sobre la&nbsp;<strong>distribuci\u00f3n de presi\u00f3n total ejercida<\/strong>.<\/p>\n\n\n\n<p>El sistema presenta dos piezas con sensores que ayudan a posicionar de forma \u00f3ptima el sill\u00edn, as\u00ed como a evaluar de forma personalizada los niveles de presi\u00f3n que el ciclista ejerce en la pedalada.<\/p>\n\n\n<section class=\"gb-container gb-container-b89188b3\"><div class=\"gb-inside-container\">\n\n<div class=\"wp-block-columns is-layout-flex wp-container-core-columns-is-layout-9d6595d7 wp-block-columns-is-layout-flex\">\n<div class=\"wp-block-column is-layout-flow wp-block-column-is-layout-flow\">\n<div class=\"wp-block-image\"><figure class=\"aligncenter size-large\"><img loading=\"lazy\" decoding=\"async\" width=\"218\" height=\"322\" src=\"https:\/\/motionlab.studio\/wp-content\/uploads\/2021\/07\/gebiomized-img-3.jpg\" alt=\"\" class=\"wp-image-152\" srcset=\"https:\/\/motionlab.studio\/wp-content\/uploads\/2021\/07\/gebiomized-img-3.jpg 218w, https:\/\/motionlab.studio\/wp-content\/uploads\/2021\/07\/gebiomized-img-3-203x300.jpg 203w\" sizes=\"auto, (max-width: 218px) 100vw, 218px\" \/><\/figure><\/div>\n<\/div>\n\n\n\n<div class=\"wp-block-column is-layout-flow wp-block-column-is-layout-flow\">\n<p style=\"font-size:29px\">\u00abMediante&nbsp;una funda flexible con 64 sensores, el sistema&nbsp;permite detectar de manera muy precisa la distribuci\u00f3n de presiones&nbsp;sobre el sill\u00edn, as\u00ed como los puntos de desequilibrio de&nbsp;la pedalada.\u00bb<\/p>\n<\/div>\n<\/div>\n\n<\/div><\/section>\n\n<div class=\"gb-container gb-container-eb7739ae\"><div class=\"gb-inside-container\">\n\n<div class=\"wp-block-image\"><figure class=\"aligncenter size-large is-resized\"><img decoding=\"async\" src=\"https:\/\/motionlab.studio\/wp-content\/uploads\/2021\/07\/id-cyling-logo1.png\" alt=\"\" class=\"wp-image-268\" width=\"500\" srcset=\"https:\/\/motionlab.studio\/wp-content\/uploads\/2021\/07\/id-cyling-logo1.png 842w, https:\/\/motionlab.studio\/wp-content\/uploads\/2021\/07\/id-cyling-logo1-300x62.png 300w, https:\/\/motionlab.studio\/wp-content\/uploads\/2021\/07\/id-cyling-logo1-768x160.png 768w\" sizes=\"(max-width: 842px) 100vw, 842px\" \/><\/figure><\/div>\n\n<\/div><\/div>","protected":false},"excerpt":{"rendered":"<p>La tecnolog\u00eda de medici\u00f3n&nbsp;gebioMized&nbsp;incluye mapeo de presi\u00f3n en todos los puntos de contacto que el ciclista ejerce sobre la bicicleta, as\u00ed como una alta definici\u00f3n en la captura de movimiento.&nbsp;El resultado se monitoriza gr\u00e1ficamente mostr\u00e1ndonos datos muy fiables sobre la&nbsp;distribuci\u00f3n de presi\u00f3n total ejercida. El sistema presenta dos piezas con sensores que ayudan a posicionar &#8230; <a title=\"Gebiomized\" class=\"read-more\" href=\"https:\/\/motionlab.studio\/index.php\/gebiomized\/\" aria-label=\"M\u00e1s en Gebiomized\">Leer m\u00e1s<\/a><\/p>\n","protected":false},"author":1,"featured_media":0,"parent":0,"menu_order":0,"comment_status":"closed","ping_status":"closed","template":"","meta":{"_generate-full-width-content":"","footnotes":""},"class_list":["post-142","page","type-page","status-publish"],"_links":{"self":[{"href":"https:\/\/motionlab.studio\/index.php\/wp-json\/wp\/v2\/pages\/142","targetHints":{"allow":["GET"]}}],"collection":[{"href":"https:\/\/motionlab.studio\/index.php\/wp-json\/wp\/v2\/pages"}],"about":[{"href":"https:\/\/motionlab.studio\/index.php\/wp-json\/wp\/v2\/types\/page"}],"author":[{"embeddable":true,"href":"https:\/\/motionlab.studio\/index.php\/wp-json\/wp\/v2\/users\/1"}],"replies":[{"embeddable":true,"href":"https:\/\/motionlab.studio\/index.php\/wp-json\/wp\/v2\/comments?post=142"}],"version-history":[{"count":8,"href":"https:\/\/motionlab.studio\/index.php\/wp-json\/wp\/v2\/pages\/142\/revisions"}],"predecessor-version":[{"id":309,"href":"https:\/\/motionlab.studio\/index.php\/wp-json\/wp\/v2\/pages\/142\/revisions\/309"}],"wp:attachment":[{"href":"https:\/\/motionlab.studio\/index.php\/wp-json\/wp\/v2\/media?parent=142"}],"curies":[{"name":"wp","href":"https:\/\/api.w.org\/{rel}","templated":true}]}}