{"id":119,"date":"2021-07-07T11:50:02","date_gmt":"2021-07-07T11:50:02","guid":{"rendered":"https:\/\/motionlab.studio\/?page_id=119"},"modified":"2021-07-12T10:28:13","modified_gmt":"2021-07-12T10:28:13","slug":"shimano-bikefitting","status":"publish","type":"page","link":"https:\/\/motionlab.studio\/index.php\/shimano-bikefitting\/","title":{"rendered":"Shimano Bikefitting"},"content":{"rendered":"<div class=\"gb-container gb-container-e8953caf\"><div class=\"gb-inside-container\">\n\n<p>El <strong>Analizador de pedaleo 3D <\/strong>no solo mide la potencia producida, sino que tambi\u00e9n especifica la direcci\u00f3n de la fuerza aplicada a los pedales en cada 7 grados de la revoluci\u00f3n de la biela, tanto a la izquierda como a la derecha.<\/p>\n<div  class=\"lgc-column lgc-grid-parent lgc-grid-50 lgc-tablet-grid-50 lgc-mobile-grid-100 lgc-equal-heights \"><div  class=\"inside-grid-column\">\n<h3 class=\"tit2\">Relaci\u00f3n de fuerza efectiva \u2013 definida<\/h3>\n<p class=\"imgsbl\"><img loading=\"lazy\" decoding=\"async\" class=\"aligncenter size-full wp-image-600\" src=\"http:\/\/www.davidherrero.net\/wp-content\/uploads\/2016\/05\/bikefitting-fuerza-definitiva.jpg\" sizes=\"auto, (max-width: 1000px) 100vw, 1000px\" srcset=\"http:\/\/www.davidherrero.net\/wp-content\/uploads\/2016\/05\/bikefitting-fuerza-definitiva.jpg 1000w, http:\/\/www.davidherrero.net\/wp-content\/uploads\/2016\/05\/bikefitting-fuerza-definitiva-300x228.jpg 300w, http:\/\/www.davidherrero.net\/wp-content\/uploads\/2016\/05\/bikefitting-fuerza-definitiva-768x584.jpg 768w\" alt=\"bikefitting-fuerza-definitiva\" width=\"1000\" height=\"761\" \/><\/p>\n<p>Una fuerza plenamente tangencial en la biela durante una pedalada completa implicar\u00eda una efectividad absoluta. Sin embargo, este grado de perfecci\u00f3n no existe en la vida real, debido a que siempre existe un cierto grado de ineficiencia, desequilibrio o asimetr\u00eda en la pedalada. La relaci\u00f3n de fuerza efectiva cuantifica el nivel de imperfecci\u00f3n, ofreciendo al ciclista una medici\u00f3n objetiva de su eficiencia mec\u00e1nica. Nuestro analizador de pedaleo mide todas las fuerzas efectivas en 3D y se representan de modo totalmente independiente para la pierna izquierda y la derecha.<\/p><\/div><\/div><div  class=\"lgc-column lgc-grid-parent lgc-grid-50 lgc-tablet-grid-50 lgc-mobile-grid-100 lgc-equal-heights \"><div  class=\"inside-grid-column\">\n<h3 class=\"tit2\">Distribuci\u00f3n de fuerzas en \u00a0eje pedalier<\/h3>\n<p class=\"imgsbl\"><img loading=\"lazy\" decoding=\"async\" class=\"aligncenter size-full wp-image-601\" src=\"http:\/\/www.davidherrero.net\/wp-content\/uploads\/2016\/05\/bikefitting-fuerza-pedalier.jpg\" sizes=\"auto, (max-width: 1000px) 100vw, 1000px\" srcset=\"http:\/\/www.davidherrero.net\/wp-content\/uploads\/2016\/05\/bikefitting-fuerza-pedalier.jpg 1000w, http:\/\/www.davidherrero.net\/wp-content\/uploads\/2016\/05\/bikefitting-fuerza-pedalier-300x228.jpg 300w, http:\/\/www.davidherrero.net\/wp-content\/uploads\/2016\/05\/bikefitting-fuerza-pedalier-768x584.jpg 768w\" alt=\"bikefitting-fuerza-pedalier\" width=\"1000\" height=\"761\" \/><\/p>\n<p>La situaci\u00f3n ideal es que toda la fuerza inducida en el pedal deber\u00eda pasar por el centro del eje del pedalier. Sin embargo, la inestabilidad del pie u otros motivos distintos impiden que esto suceda. En esta pantalla podemos ver c\u00f3mo se aplica la fuerza durante la pedalada. Los cambios en el ajuste de las calas y la adaptaci\u00f3n de la plantilla a la anatom\u00eda del pie del ciclista permiten mejorar de modo significativo la estabilidad del pie. La interfaz en nuestro software le ayudar\u00e1 a encontrar las soluciones potenciales existentes a este respecto.<\/p><\/div><\/div><div class=\"lgc-clear\"><\/div>\n\n<\/div><\/div>\n\n<div class=\"gb-container gb-container-0cf6ba6a\"><div class=\"gb-inside-container\">\n\n<div class=\"wp-block-image\"><figure class=\"aligncenter size-large is-resized\"><img decoding=\"async\" src=\"https:\/\/motionlab.studio\/wp-content\/uploads\/2021\/07\/id-cyling-logo1.png\" alt=\"\" class=\"wp-image-268\" width=\"500\" srcset=\"https:\/\/motionlab.studio\/wp-content\/uploads\/2021\/07\/id-cyling-logo1.png 842w, https:\/\/motionlab.studio\/wp-content\/uploads\/2021\/07\/id-cyling-logo1-300x62.png 300w, https:\/\/motionlab.studio\/wp-content\/uploads\/2021\/07\/id-cyling-logo1-768x160.png 768w\" sizes=\"(max-width: 842px) 100vw, 842px\" \/><\/figure><\/div>\n\n<\/div><\/div>","protected":false},"excerpt":{"rendered":"<p>El Analizador de pedaleo 3D no solo mide la potencia producida, sino que tambi\u00e9n especifica la direcci\u00f3n de la fuerza aplicada a los pedales en cada 7 grados de la revoluci\u00f3n de la biela, tanto a la izquierda como a la derecha.<\/p>\n","protected":false},"author":1,"featured_media":0,"parent":0,"menu_order":0,"comment_status":"closed","ping_status":"closed","template":"","meta":{"_generate-full-width-content":"","footnotes":""},"class_list":["post-119","page","type-page","status-publish"],"_links":{"self":[{"href":"https:\/\/motionlab.studio\/index.php\/wp-json\/wp\/v2\/pages\/119","targetHints":{"allow":["GET"]}}],"collection":[{"href":"https:\/\/motionlab.studio\/index.php\/wp-json\/wp\/v2\/pages"}],"about":[{"href":"https:\/\/motionlab.studio\/index.php\/wp-json\/wp\/v2\/types\/page"}],"author":[{"embeddable":true,"href":"https:\/\/motionlab.studio\/index.php\/wp-json\/wp\/v2\/users\/1"}],"replies":[{"embeddable":true,"href":"https:\/\/motionlab.studio\/index.php\/wp-json\/wp\/v2\/comments?post=119"}],"version-history":[{"count":12,"href":"https:\/\/motionlab.studio\/index.php\/wp-json\/wp\/v2\/pages\/119\/revisions"}],"predecessor-version":[{"id":311,"href":"https:\/\/motionlab.studio\/index.php\/wp-json\/wp\/v2\/pages\/119\/revisions\/311"}],"wp:attachment":[{"href":"https:\/\/motionlab.studio\/index.php\/wp-json\/wp\/v2\/media?parent=119"}],"curies":[{"name":"wp","href":"https:\/\/api.w.org\/{rel}","templated":true}]}}